{"id":8,"date":"2019-01-11T23:13:20","date_gmt":"2019-01-11T22:13:20","guid":{"rendered":"https:\/\/davidlannes.wordpress.com\/?page_id=5"},"modified":"2025-03-06T10:52:42","modified_gmt":"2025-03-06T09:52:42","slug":"accueil","status":"publish","type":"page","link":"https:\/\/david-lannes.perso.math.cnrs.fr\/","title":{"rendered":"David Lannes Homepage"},"content":{"rendered":"\n<p>Directeur de recherche au CNRS<\/p>\n\n\n\n<p> Institut de Math\u00e9matiques de Bordeaux <br> Universit\u00e9 de Bordeaux et CNRS UMR 5251 <br> 351 Cours de la lib\u00e9ration <br> 33405 Talence Cedex, France<\/p>\n\n\n\n<p>Bureau 168 <br>T\u00e9l: 05 40 00 21 42<\/p>\n\n\n\n<p>david.lannes AT math.u-bordeaux.fr<\/p>\n\n\n\n<p>Detailed CV \/ <a href=\"https:\/\/david-lannes.perso.math.cnrs.fr\/wp-content\/uploads\/2025\/03\/CV_2024_FR.pdf\">CV d\u00e9taill\u00e9<\/a><\/p>\n\n\n\n<div class=\"wp-block-columns has-2-columns is-layout-flex wp-container-core-columns-is-layout-9d6595d7 wp-block-columns-is-layout-flex\">\n<div class=\"wp-block-column is-layout-flow wp-block-column-is-layout-flow\">\n<p><strong>Domaines de recherche<\/strong><\/p>\n\n\n\n<ul class=\"wp-block-list\">\n<li>Equations aux d\u00e9riv\u00e9es partielles<\/li>\n\n\n\n<li>Probl\u00e8mes \u00e0 fronti\u00e8re libre<\/li>\n\n\n\n<li>Mod\u00e9lisation des \u00e9coulements c\u00f4tiers<\/li>\n\n\n\n<li>Int\u00e9ractions vagues-structures<\/li>\n\n\n\n<li>Optique g\u00e9om\u00e9trique nonlin\u00e9aire<\/li>\n<\/ul>\n<\/div>\n\n\n\n<div class=\"wp-block-column is-layout-flow wp-block-column-is-layout-flow\">\n<p><strong>Research areas<\/strong><\/p>\n\n\n\n<ul class=\"wp-block-list\">\n<li>Partial differential equations<\/li>\n\n\n\n<li>Free boundary problems<\/li>\n\n\n\n<li>Modelling of coastal flows<\/li>\n\n\n\n<li>Waves-structures interactions<\/li>\n\n\n\n<li>Nonlinear geometric optics<\/li>\n<\/ul>\n<\/div>\n<\/div>\n\n\n\n<p><strong>Editorial boards in scientific journals<\/strong><\/p>\n\n\n\n<ul class=\"wp-block-list\">\n<li><a href=\"https:\/\/www.siam.org\/Publications\/Journals\/SIAM-Journal-on-Mathematical-Analysis-SIMA\">Siam Journal on Mathematical Analysis<\/a><\/li>\n\n\n\n<li><a href=\"https:\/\/www.iospress.nl\/journal\/asymptotic-analysis\/\">Asymptotic Analysis<\/a><\/li>\n\n\n\n<li><a href=\"https:\/\/link.springer.com\/journal\/21\">Journal of Mathematical Fluid Mechanics<\/a><\/li>\n\n\n\n<li><a href=\"https:\/\/www.springer.com\/birkhauser\/mathematics\/journal\/42286\">Water Waves<\/a><\/li>\n\n\n\n<li><a href=\"https:\/\/link.springer.com\/journal\/605\">Monatshefte fur Mathematik<\/a><\/li>\n\n\n\n<li><a href=\"https:\/\/iopscience.iop.org\/journal\/0951-7715\">Nonlinearity<\/a><\/li>\n\n\n\n<li><a href=\"Proceedings\">ESAIM: Proceedings<\/a><\/li>\n<\/ul>\n\n\n\n<p><strong>Editorial boards in newsletters<\/strong><\/p>\n\n\n\n<ul class=\"wp-block-list\">\n<li><a href=\"https:\/\/iciam.org\/dianoia\">ICIAM Newsletter: DIANOIA<\/a><\/li>\n<\/ul>\n","protected":false},"excerpt":{"rendered":"<p>Directeur de recherche au CNRS Institut de Math\u00e9matiques de Bordeaux Universit\u00e9 de Bordeaux et CNRS UMR 5251 351 Cours de la lib\u00e9ration 33405 Talence Cedex, France Bureau 168 T\u00e9l: 05 40 00 21 42 david.lannes AT math.u-bordeaux.fr Detailed CV \/ CV d\u00e9taill\u00e9 Domaines de recherche Research areas Editorial boards in scientific journals Editorial boards in [&hellip;]<\/p>\n","protected":false},"author":1,"featured_media":334,"parent":0,"menu_order":1,"comment_status":"closed","ping_status":"closed","template":"","meta":{"footnotes":""},"class_list":["post-8","page","type-page","status-publish","has-post-thumbnail","hentry"],"_links":{"self":[{"href":"https:\/\/david-lannes.perso.math.cnrs.fr\/index.php?rest_route=\/wp\/v2\/pages\/8","targetHints":{"allow":["GET"]}}],"collection":[{"href":"https:\/\/david-lannes.perso.math.cnrs.fr\/index.php?rest_route=\/wp\/v2\/pages"}],"about":[{"href":"https:\/\/david-lannes.perso.math.cnrs.fr\/index.php?rest_route=\/wp\/v2\/types\/page"}],"author":[{"embeddable":true,"href":"https:\/\/david-lannes.perso.math.cnrs.fr\/index.php?rest_route=\/wp\/v2\/users\/1"}],"replies":[{"embeddable":true,"href":"https:\/\/david-lannes.perso.math.cnrs.fr\/index.php?rest_route=%2Fwp%2Fv2%2Fcomments&post=8"}],"version-history":[{"count":6,"href":"https:\/\/david-lannes.perso.math.cnrs.fr\/index.php?rest_route=\/wp\/v2\/pages\/8\/revisions"}],"predecessor-version":[{"id":491,"href":"https:\/\/david-lannes.perso.math.cnrs.fr\/index.php?rest_route=\/wp\/v2\/pages\/8\/revisions\/491"}],"wp:featuredmedia":[{"embeddable":true,"href":"https:\/\/david-lannes.perso.math.cnrs.fr\/index.php?rest_route=\/wp\/v2\/media\/334"}],"wp:attachment":[{"href":"https:\/\/david-lannes.perso.math.cnrs.fr\/index.php?rest_route=%2Fwp%2Fv2%2Fmedia&parent=8"}],"curies":[{"name":"wp","href":"https:\/\/api.w.org\/{rel}","templated":true}]}}